{"id":43,"date":"2023-10-04T17:18:11","date_gmt":"2023-10-04T17:18:11","guid":{"rendered":"https:\/\/www.recyclabilitylabel.com\/?page_id=43"},"modified":"2023-10-11T11:04:01","modified_gmt":"2023-10-11T11:04:01","slug":"quienes-somos","status":"publish","type":"page","link":"https:\/\/www.recyclabilitylabel.com\/es\/quienes-somos\/","title":{"rendered":"Quienes somos"},"content":{"rendered":"<div class=\"wpb-content-wrapper\"><p>[vc_row bg_type=\u00bbimage\u00bb parallax_style=\u00bbvcpb-default\u00bb bg_image_new=\u00bbid^10|url^http:\/\/www.recyclabilitylabel.com\/wp-content\/uploads\/2023\/10\/fondo.webp|caption^null|alt^null|title^fondo|description^null\u00bb bg_image_repeat=\u00bbno-repeat\u00bb bg_override=\u00bbfull\u00bb css=\u00bb.vc_custom_1696497770882{padding-top: 7% !important;padding-bottom: 10% !important;}\u00bb][vc_column]<div id=\"ultimate-heading-75569e8834a59921\" class=\"uvc-heading ult-adjust-bottom-margin ultimate-heading-75569e8834a59921 uvc-5565 \" data-hspacer=\"no_spacer\"  data-halign=\"center\" style=\"text-align:center\"><div class=\"uvc-heading-spacer no_spacer\" style=\"top\"><\/div><div class=\"uvc-main-heading ult-responsive\"  data-ultimate-target='.uvc-heading.ultimate-heading-75569e8834a59921 h1'  data-responsive-json-new='{\"font-size\":\"desktop:96px;tablet_portrait:80px;mobile_landscape:60px;mobile:46px;\",\"line-height\":\"desktop:101px;tablet_portrait:85px;mobile_landscape:66px;mobile:50px;\"}' ><h1 style=\"--font-weight:theme;color:#ffffff;\">ACERCA DE NOSOTROS<\/h1><\/div><\/div>[\/vc_column][\/vc_row][vc_row css=\u00bb.vc_custom_1696438287116{padding-top: 3% !important;}\u00bb][vc_column][vc_column_text]<span style=\"font-family: ghotam-medium;\">Somos independientes tanto de las empresas envasadoras como de los fabricantes de envases y materiales de envases.<\/span><\/p>\n<p><span style=\"font-family: ghotam-medium;\">Contamos con una amplia experiencia en gesti\u00f3n de residuos, en la mejora de la reciclabilidad, el ecodise\u00f1o y el an\u00e1lisis del ciclo de vida de envases y productos.<\/span>[\/vc_column_text][\/vc_column][\/vc_row][vc_row equal_height=\u00bbyes\u00bb content_placement=\u00bbmiddle\u00bb css=\u00bb.vc_custom_1696439277431{margin-top: 0px !important;margin-bottom: 0px !important;}\u00bb][vc_column width=\u00bb4\/5&#8243; css=\u00bb.vc_custom_1696439116474{background-color: #479895 !important;background-position: center !important;background-repeat: no-repeat !important;background-size: cover !important;}\u00bb][vc_column_text]<\/p>\n<h3 style=\"text-align: center;\"><span style=\"color: #ffffff;\">DR\u00cdADE SOLUCIONES MEDIOAMBIENTALES <\/span><\/h3>\n<p>[\/vc_column_text][\/vc_column][vc_column width=\u00bb1\/5&#8243; css=\u00bb.vc_custom_1696439718419{border-top-width: 1px !important;border-right-width: 1px !important;border-bottom-width: 1px !important;border-left-width: 1px !important;background-color: #ffffff !important;border-left-color: #479895 !important;border-left-style: solid !important;border-right-color: #479895 !important;border-right-style: solid !important;border-top-color: #479895 !important;border-top-style: solid !important;border-bottom-color: #479895 !important;border-bottom-style: solid !important;}\u00bb][vc_single_image image=\u00bb53&#8243; img_size=\u00bbfull\u00bb alignment=\u00bbcenter\u00bb][\/vc_column][\/vc_row][vc_row css=\u00bb.vc_custom_1696439725930{border-right-width: 1px !important;border-bottom-width: 1px !important;border-left-width: 1px !important;border-left-color: #479895 !important;border-left-style: solid !important;border-right-color: #479895 !important;border-right-style: solid !important;border-bottom-color: #479895 !important;border-bottom-style: solid !important;}\u00bb][vc_column][vc_column_text css=\u00bb.vc_custom_1697022194624{padding-top: 3% !important;padding-right: 3% !important;padding-bottom: 3% !important;padding-left: 3% !important;}\u00bb]<span style=\"font-family: ghotam-bold;\"><strong>Dr\u00edadeSM.<\/strong><\/span> Consultor\u00eda Medioambiental especializada en el reciclaje, la prevenci\u00f3n, la organizaci\u00f3n de eventos sostenibles y el ecodise\u00f1o, as\u00ed como en la impartici\u00f3n de formaciones en estas materias.<\/p>\n<p>Naci\u00f3 en 2016 con el fin ofrecer soluciones a medida a entidades p\u00fablicas y privadas, para qu\u00e9 \u00e9stas puedan alcanzar sus objetivos en sostenibilidad y adem\u00e1s comunicarlos de una forma eficiente, siempre desde el prisma del rigor y la realidad.[\/vc_column_text][\/vc_column][\/vc_row][vc_row][vc_column][vc_empty_space][\/vc_column][\/vc_row][vc_row equal_height=\u00bbyes\u00bb content_placement=\u00bbmiddle\u00bb][vc_column width=\u00bb4\/5&#8243; css=\u00bb.vc_custom_1696439116474{background-color: #479895 !important;background-position: center !important;background-repeat: no-repeat !important;background-size: cover !important;}\u00bb][vc_column_text]<\/p>\n<h3 style=\"text-align: center;\"><span style=\"color: #ffffff;\">LA C\u00c1TEDRA UNESCO DE CICLO DE VIDA Y CAMBIO CLIM\u00c1TICO ESCI-UPF <\/span><\/h3>\n<p>[\/vc_column_text][\/vc_column][vc_column width=\u00bb1\/5&#8243; css=\u00bb.vc_custom_1696439730932{border-top-width: 1px !important;border-right-width: 1px !important;border-bottom-width: 1px !important;border-left-width: 1px !important;background-color: #ffffff !important;border-left-color: #479895 !important;border-left-style: solid !important;border-right-color: #479895 !important;border-right-style: solid !important;border-top-color: #479895 !important;border-top-style: solid !important;border-bottom-color: #479895 !important;border-bottom-style: solid !important;}\u00bb][vc_single_image image=\u00bb56&#8243; img_size=\u00bbfull\u00bb alignment=\u00bbcenter\u00bb][\/vc_column][\/vc_row][vc_row css=\u00bb.vc_custom_1696439725930{border-right-width: 1px !important;border-bottom-width: 1px !important;border-left-width: 1px !important;border-left-color: #479895 !important;border-left-style: solid !important;border-right-color: #479895 !important;border-right-style: solid !important;border-bottom-color: #479895 !important;border-bottom-style: solid !important;}\u00bb][vc_column][vc_column_text css=\u00bb.vc_custom_1697022208403{padding-top: 3% !important;padding-right: 3% !important;padding-bottom: 3% !important;padding-left: 3% !important;}\u00bb]<span style=\"font-family: ghotam-bold;\"><strong>La C\u00e1tedra<\/strong> <\/span>se crea por convenio entre la Escola Superior de Comer\u00e7 Internacional (ESCI) de la Universitat Pompeu Fabra (UPF) y la Organizaci\u00f3n de las Naciones Unidas para la Educaci\u00f3n, la Ciencia y la Cultura (UNESCO) el 17 de diciembre de 2010. En mayo del 2011 el Dr. Pere Fullana i Palmer es ratificado como su Director.<\/p>\n<p>La C\u00e1tedra ha participado y\/o coordinado numerosos proyectos nacionales e internacionales de an\u00e1lisis de ciclo de vida (ACV), ecodise\u00f1o, compra verde y comunicaci\u00f3n ambiental (ecoetiquetas) de productos, huellas de carbono e h\u00eddrica, gobernanza en la gesti\u00f3n ambiental e integraci\u00f3n de aspectos sociales y econ\u00f3micos en las evaluaciones ambientales. El grupo de investigaci\u00f3n del que proviene la C\u00e1tedra empez\u00f3 su primer proyecto europeo en ESCI-UPF en el a\u00f1o 2002, mientras que el primer estudio de ciclo de vida realizado por el Dr. Fullana con aplicaci\u00f3n a los sellos ambientales data de 1995.<\/p>\n<p>[\/vc_column_text][\/vc_column][\/vc_row][vc_row][vc_column][vc_empty_space][\/vc_column][\/vc_row][vc_row equal_height=\u00bbyes\u00bb content_placement=\u00bbmiddle\u00bb css=\u00bb.vc_custom_1696439277431{margin-top: 0px !important;margin-bottom: 0px !important;}\u00bb][vc_column width=\u00bb4\/5&#8243; css=\u00bb.vc_custom_1696439116474{background-color: #479895 !important;background-position: center !important;background-repeat: no-repeat !important;background-size: cover !important;}\u00bb][vc_column_text]<\/p>\n<h3 style=\"text-align: center;\"><span style=\"color: #ffffff;\">GREMI DE RECUPERACI\u00d3 DE CATALUNYA <\/span><\/h3>\n<p>[\/vc_column_text][\/vc_column][vc_column width=\u00bb1\/5&#8243; css=\u00bb.vc_custom_1696439575175{border-top-width: 1px !important;border-right-width: 1px !important;border-bottom-width: 1px !important;padding-left: 1px !important;background-color: #ffffff !important;border-right-color: #479895 !important;border-right-style: solid !important;border-top-color: #479895 !important;border-top-style: solid !important;border-bottom-color: #479895 !important;border-bottom-style: solid !important;}\u00bb][vc_single_image image=\u00bb68&#8243; img_size=\u00bbfull\u00bb alignment=\u00bbcenter\u00bb][\/vc_column][\/vc_row][vc_row css=\u00bb.vc_custom_1696439725930{border-right-width: 1px !important;border-bottom-width: 1px !important;border-left-width: 1px !important;border-left-color: #479895 !important;border-left-style: solid !important;border-right-color: #479895 !important;border-right-style: solid !important;border-bottom-color: #479895 !important;border-bottom-style: solid !important;}\u00bb][vc_column][vc_column_text css=\u00bb.vc_custom_1697022219536{padding-top: 3% !important;padding-right: 3% !important;padding-bottom: 3% !important;padding-left: 3% !important;}\u00bb]<span style=\"font-family: ghotam-bold;\"><strong>El Gremi de Recuperaci\u00f3 de Catalu\u00f1a<\/strong><\/span> naci\u00f3 en 1953 en Barcelona y actualmente cuenta con 300 empresas asociadas (el 70% del total de gestores de residuos de esta Comunidad Aut\u00f3noma), que tratan el 90% de los residuos generados. Sus plantas gestionan todo tipo de residuos: papel y cart\u00f3n, metales f\u00e9rricos y no f\u00e9rricos, pl\u00e1sticos, vidrio, bater\u00edas, neum\u00e1ticos, residuos el\u00e9ctricos y electr\u00f3nicos, veh\u00edculos fuera de uso, etc. El GRC es una entidad de referencia que ofrece diversos servicios a sus agremiados y act\u00faa como interlocutor con la Administraci\u00f3n para defender el sector de la recuperaci\u00f3n y reciclado de residuos y las empresas que en \u00e9l operan.[\/vc_column_text][\/vc_column][\/vc_row][vc_row][vc_column][vc_empty_space][\/vc_column][\/vc_row]<\/p>\n<\/div>","protected":false},"excerpt":{"rendered":"<p>[vc_row bg_type=\u00bbimage\u00bb parallax_style=\u00bbvcpb-default\u00bb bg_image_new=\u00bbid^10|url^http:\/\/www.recyclabilitylabel.com\/wp-content\/uploads\/2023\/10\/fondo.webp|caption^null|alt^null|title^fondo|description^null\u00bb bg_image_repeat=\u00bbno-repeat\u00bb bg_override=\u00bbfull\u00bb css=\u00bb.vc_custom_1696497770882{padding-top: 7% !important;padding-bottom: 10% !important;}\u00bb][vc_column][\/vc_column][\/vc_row][vc_row css=\u00bb.vc_custom_1696438287116{padding-top: 3% !important;}\u00bb][vc_column][vc_column_text]Somos independientes tanto de las empresas envasadoras como de los fabricantes de envases y materiales de envases. Contamos con una amplia experiencia en gesti\u00f3n de residuos, en la mejora de la reciclabilidad, el ecodise\u00f1o y el an\u00e1lisis del ciclo de vida de&hellip;<\/p>\n","protected":false},"author":1,"featured_media":0,"parent":0,"menu_order":1,"comment_status":"closed","ping_status":"closed","template":"","meta":{"footnotes":""},"class_list":["post-43","page","type-page","status-publish","hentry","description-off"],"yoast_head":"<!-- This site is optimized with the Yoast SEO plugin v25.2 - https:\/\/yoast.com\/wordpress\/plugins\/seo\/ -->\n<title>Quienes somos - Recyclabilitylabel<\/title>\n<meta name=\"robots\" content=\"index, follow, max-snippet:-1, max-image-preview:large, max-video-preview:-1\" \/>\n<link rel=\"canonical\" href=\"https:\/\/www.recyclabilitylabel.com\/es\/quienes-somos\/\" \/>\n<meta property=\"og:locale\" content=\"es_ES\" \/>\n<meta property=\"og:type\" content=\"article\" \/>\n<meta property=\"og:title\" content=\"Quienes somos - Recyclabilitylabel\" \/>\n<meta property=\"og:description\" content=\"[vc_row bg_type=\u00bbimage\u00bb parallax_style=\u00bbvcpb-default\u00bb bg_image_new=\u00bbid^10|url^http:\/\/www.recyclabilitylabel.com\/wp-content\/uploads\/2023\/10\/fondo.webp|caption^null|alt^null|title^fondo|description^null\u00bb bg_image_repeat=\u00bbno-repeat\u00bb bg_override=\u00bbfull\u00bb css=\u00bb.vc_custom_1696497770882{padding-top: 7% !important;padding-bottom: 10% !important;}\u00bb][vc_column][\/vc_column][\/vc_row][vc_row css=\u00bb.vc_custom_1696438287116{padding-top: 3% !important;}\u00bb][vc_column][vc_column_text]Somos independientes tanto de las empresas envasadoras como de los fabricantes de envases y materiales de envases. Contamos con una amplia experiencia en gesti\u00f3n de residuos, en la mejora de la reciclabilidad, el ecodise\u00f1o y el an\u00e1lisis del ciclo de vida de&hellip;\" \/>\n<meta property=\"og:url\" content=\"https:\/\/www.recyclabilitylabel.com\/es\/quienes-somos\/\" \/>\n<meta property=\"og:site_name\" content=\"Recyclabilitylabel\" \/>\n<meta property=\"article:modified_time\" content=\"2023-10-11T11:04:01+00:00\" \/>\n<meta name=\"twitter:card\" content=\"summary_large_image\" \/>\n<meta name=\"twitter:label1\" content=\"Tiempo de lectura\" \/>\n\t<meta name=\"twitter:data1\" content=\"5 minutos\" \/>\n<script type=\"application\/ld+json\" class=\"yoast-schema-graph\">{\"@context\":\"https:\/\/schema.org\",\"@graph\":[{\"@type\":\"WebPage\",\"@id\":\"https:\/\/www.recyclabilitylabel.com\/es\/quienes-somos\/\",\"url\":\"https:\/\/www.recyclabilitylabel.com\/es\/quienes-somos\/\",\"name\":\"Quienes somos - Recyclabilitylabel\",\"isPartOf\":{\"@id\":\"https:\/\/www.recyclabilitylabel.com\/#website\"},\"datePublished\":\"2023-10-04T17:18:11+00:00\",\"dateModified\":\"2023-10-11T11:04:01+00:00\",\"breadcrumb\":{\"@id\":\"https:\/\/www.recyclabilitylabel.com\/es\/quienes-somos\/#breadcrumb\"},\"inLanguage\":\"es\",\"potentialAction\":[{\"@type\":\"ReadAction\",\"target\":[\"https:\/\/www.recyclabilitylabel.com\/es\/quienes-somos\/\"]}]},{\"@type\":\"BreadcrumbList\",\"@id\":\"https:\/\/www.recyclabilitylabel.com\/es\/quienes-somos\/#breadcrumb\",\"itemListElement\":[{\"@type\":\"ListItem\",\"position\":1,\"name\":\"Home\",\"item\":\"https:\/\/www.recyclabilitylabel.com\/es\/\"},{\"@type\":\"ListItem\",\"position\":2,\"name\":\"Quienes somos\"}]},{\"@type\":\"WebSite\",\"@id\":\"https:\/\/www.recyclabilitylabel.com\/#website\",\"url\":\"https:\/\/www.recyclabilitylabel.com\/\",\"name\":\"Recyclabilitylabel\",\"description\":\"\",\"potentialAction\":[{\"@type\":\"SearchAction\",\"target\":{\"@type\":\"EntryPoint\",\"urlTemplate\":\"https:\/\/www.recyclabilitylabel.com\/?s={search_term_string}\"},\"query-input\":{\"@type\":\"PropertyValueSpecification\",\"valueRequired\":true,\"valueName\":\"search_term_string\"}}],\"inLanguage\":\"es\"}]}<\/script>\n<!-- \/ Yoast SEO plugin. -->","yoast_head_json":{"title":"Quienes somos - Recyclabilitylabel","robots":{"index":"index","follow":"follow","max-snippet":"max-snippet:-1","max-image-preview":"max-image-preview:large","max-video-preview":"max-video-preview:-1"},"canonical":"https:\/\/www.recyclabilitylabel.com\/es\/quienes-somos\/","og_locale":"es_ES","og_type":"article","og_title":"Quienes somos - Recyclabilitylabel","og_description":"[vc_row bg_type=\u00bbimage\u00bb parallax_style=\u00bbvcpb-default\u00bb bg_image_new=\u00bbid^10|url^http:\/\/www.recyclabilitylabel.com\/wp-content\/uploads\/2023\/10\/fondo.webp|caption^null|alt^null|title^fondo|description^null\u00bb bg_image_repeat=\u00bbno-repeat\u00bb bg_override=\u00bbfull\u00bb css=\u00bb.vc_custom_1696497770882{padding-top: 7% !important;padding-bottom: 10% !important;}\u00bb][vc_column][\/vc_column][\/vc_row][vc_row css=\u00bb.vc_custom_1696438287116{padding-top: 3% !important;}\u00bb][vc_column][vc_column_text]Somos independientes tanto de las empresas envasadoras como de los fabricantes de envases y materiales de envases. Contamos con una amplia experiencia en gesti\u00f3n de residuos, en la mejora de la reciclabilidad, el ecodise\u00f1o y el an\u00e1lisis del ciclo de vida de&hellip;","og_url":"https:\/\/www.recyclabilitylabel.com\/es\/quienes-somos\/","og_site_name":"Recyclabilitylabel","article_modified_time":"2023-10-11T11:04:01+00:00","twitter_card":"summary_large_image","twitter_misc":{"Tiempo de lectura":"5 minutos"},"schema":{"@context":"https:\/\/schema.org","@graph":[{"@type":"WebPage","@id":"https:\/\/www.recyclabilitylabel.com\/es\/quienes-somos\/","url":"https:\/\/www.recyclabilitylabel.com\/es\/quienes-somos\/","name":"Quienes somos - Recyclabilitylabel","isPartOf":{"@id":"https:\/\/www.recyclabilitylabel.com\/#website"},"datePublished":"2023-10-04T17:18:11+00:00","dateModified":"2023-10-11T11:04:01+00:00","breadcrumb":{"@id":"https:\/\/www.recyclabilitylabel.com\/es\/quienes-somos\/#breadcrumb"},"inLanguage":"es","potentialAction":[{"@type":"ReadAction","target":["https:\/\/www.recyclabilitylabel.com\/es\/quienes-somos\/"]}]},{"@type":"BreadcrumbList","@id":"https:\/\/www.recyclabilitylabel.com\/es\/quienes-somos\/#breadcrumb","itemListElement":[{"@type":"ListItem","position":1,"name":"Home","item":"https:\/\/www.recyclabilitylabel.com\/es\/"},{"@type":"ListItem","position":2,"name":"Quienes somos"}]},{"@type":"WebSite","@id":"https:\/\/www.recyclabilitylabel.com\/#website","url":"https:\/\/www.recyclabilitylabel.com\/","name":"Recyclabilitylabel","description":"","potentialAction":[{"@type":"SearchAction","target":{"@type":"EntryPoint","urlTemplate":"https:\/\/www.recyclabilitylabel.com\/?s={search_term_string}"},"query-input":{"@type":"PropertyValueSpecification","valueRequired":true,"valueName":"search_term_string"}}],"inLanguage":"es"}]}},"_links":{"self":[{"href":"https:\/\/www.recyclabilitylabel.com\/es\/wp-json\/wp\/v2\/pages\/43","targetHints":{"allow":["GET"]}}],"collection":[{"href":"https:\/\/www.recyclabilitylabel.com\/es\/wp-json\/wp\/v2\/pages"}],"about":[{"href":"https:\/\/www.recyclabilitylabel.com\/es\/wp-json\/wp\/v2\/types\/page"}],"author":[{"embeddable":true,"href":"https:\/\/www.recyclabilitylabel.com\/es\/wp-json\/wp\/v2\/users\/1"}],"replies":[{"embeddable":true,"href":"https:\/\/www.recyclabilitylabel.com\/es\/wp-json\/wp\/v2\/comments?post=43"}],"version-history":[{"count":34,"href":"https:\/\/www.recyclabilitylabel.com\/es\/wp-json\/wp\/v2\/pages\/43\/revisions"}],"predecessor-version":[{"id":354,"href":"https:\/\/www.recyclabilitylabel.com\/es\/wp-json\/wp\/v2\/pages\/43\/revisions\/354"}],"wp:attachment":[{"href":"https:\/\/www.recyclabilitylabel.com\/es\/wp-json\/wp\/v2\/media?parent=43"}],"curies":[{"name":"wp","href":"https:\/\/api.w.org\/{rel}","templated":true}]}}