{"id":146,"date":"2023-10-05T11:32:24","date_gmt":"2023-10-05T11:32:24","guid":{"rendered":"https:\/\/www.recyclabilitylabel.com\/?page_id=146"},"modified":"2023-10-11T16:58:13","modified_gmt":"2023-10-11T16:58:13","slug":"reciclabilidad-real","status":"publish","type":"page","link":"https:\/\/www.recyclabilitylabel.com\/es\/reciclabilidad-real\/","title":{"rendered":"Reciclabilidad"},"content":{"rendered":"<div class=\"wpb-content-wrapper\"><p>[vc_row bg_type=\u00bbimage\u00bb parallax_style=\u00bbvcpb-default\u00bb bg_image_new=\u00bbid^10|url^http:\/\/www.recyclabilitylabel.com\/wp-content\/uploads\/2023\/10\/fondo.webp|caption^null|alt^null|title^fondo|description^null\u00bb bg_image_repeat=\u00bbno-repeat\u00bb bg_override=\u00bbfull\u00bb css=\u00bb.vc_custom_1696506494957{padding-top: 7% !important;padding-bottom: 10% !important;}\u00bb][vc_column]<div id=\"ultimate-heading-106469e88606b58bb\" class=\"uvc-heading ult-adjust-bottom-margin ultimate-heading-106469e88606b58bb uvc-6493 \" data-hspacer=\"no_spacer\"  data-halign=\"center\" style=\"text-align:center\"><div class=\"uvc-heading-spacer no_spacer\" style=\"top\"><\/div><div class=\"uvc-main-heading ult-responsive\"  data-ultimate-target='.uvc-heading.ultimate-heading-106469e88606b58bb h1'  data-responsive-json-new='{\"font-size\":\"desktop:99px;tablet_portrait:80px;mobile_landscape:50px;mobile:39px;\",\"line-height\":\"desktop:104px;tablet_portrait:85px;mobile_landscape:55px;mobile:43px;\"}' ><h1 style=\"--font-weight:theme;color:#ffffff;\">RECICLABILIDAD REAL<\/h1><\/div><\/div>[\/vc_column][\/vc_row][vc_row gap=\u00bb20&#8243; equal_height=\u00bbyes\u00bb css=\u00bb.vc_custom_1696505522133{padding-top: 3% !important;}\u00bb][vc_column width=\u00bb1\/2&#8243;][vc_column_text]Para que un envase se considere reciclable ha de ser realmente reciclado. Cuando un envase se convierte en residuo, ha de superar distintas fases para que se convierta en material reciclado de calidad. Adem\u00e1s, debe existir un flujo de clasificaci\u00f3n y reciclado dispuesto a gran escala y con cobertura suficiente en todo el territorio nacional para que pueda considerarse reciclable.<\/p>\n<p>Existen envases que son t\u00e9cnicamente reciclables, pero que no son realmente reciclados, bien porque no se clasifican correctamente, o carecen de flujo de clasificaci\u00f3n o flujo de reciclado, o bien porque su reciclado no es econ\u00f3micamente viable.<\/p>\n<p>Del mismo modo, existen envases que siguen los preceptos de la reciclabilidad te\u00f3ricos, pero que no son reciclados, ya que al someterlos en procesos reales de su reciclado (y no en condiciones id\u00edlicas) generan alg\u00fan tipo de interferencia en el proceso, o bien porque en un determinado pa\u00eds no tienen flujo de clasificaci\u00f3n y\/o reciclado.<\/p>\n<p>Asimismo, los flujos y\/o procesos de reciclado pueden variar de unos pa\u00edses a otros, por ello, la reciclabilidad real de los envases ha de probarse siguiendo las caracter\u00edsticas y flujos de cada pa\u00eds. [\/vc_column_text][\/vc_column][vc_column width=\u00bb1\/2&#8243; css=\u00bb.vc_custom_1696505513522{padding-top: 20% !important;padding-bottom: 25% !important;background-image: url(http:\/\/www.recyclabilitylabel.com\/wp-content\/uploads\/2023\/10\/Foto-tromel-2.webp?id=148) !important;background-position: center !important;background-repeat: no-repeat !important;background-size: cover !important;}\u00bb][\/vc_column][\/vc_row][vc_row][vc_column][vc_empty_space][\/vc_column][\/vc_row][vc_row][vc_column width=\u00bb1\/4&#8243;][vc_column_text]<span style=\"color: #479895; font-size: 14pt;\"><strong>DISE\u00d1ADO PARA SER RECICLADO \u2260 REALMENTE RECICLABLE<\/strong><\/span>[\/vc_column_text][\/vc_column][vc_column width=\u00bb1\/4&#8243;][vc_column_text]<span style=\"color: #479895; font-size: 14pt;\"><strong>T\u00c9CNICAMENTE RECICLABLE \u2260 REALMENTE RECICLABLE<\/strong><\/span>[\/vc_column_text][\/vc_column][vc_column width=\u00bb1\/4&#8243;][vc_column_text]<span style=\"color: #479895; font-size: 14pt;\"><strong>RECICLABLE EN UNA FASE DEL PROCESO \u2260 REALMENTE RECICLABLE<\/strong><\/span>[\/vc_column_text][\/vc_column][vc_column width=\u00bb1\/4&#8243;][vc_column_text]<span style=\"color: #479895; font-size: 14pt;\"><strong>RECICLABLE EN UN LABORATORIO \u2260 REALMENTE RECICLABLE<\/strong><\/span>[\/vc_column_text][\/vc_column][\/vc_row][vc_row][vc_column][vc_column_text]<\/p>\n<h3><span style=\"color: #479895;\">Reciclabilidad Real (nuestra definici\u00f3n desde 2018)<\/span><\/h3>\n<p>La capacidad de un envase para lograr que sus materiales componentes se conviertan en <strong><span style=\"font-family: ghotam-medium;\">materiales reciclados de calidad<\/span>, <\/strong>teniendo en cuenta sus caracter\u00edsticas y las <span style=\"font-family: ghotam-medium;\"><strong>tecnolog\u00edas de recogida, selecci\u00f3n y reciclado actualmente dispuestas a escala industrial y con cobertura geogr\u00e1fica suficiente en cada pa\u00eds para tal fin.<\/strong><\/span>[\/vc_column_text][vc_column_text]<\/p>\n<h3><span style=\"color: #479895;\">Material reciclado de calidad\u00a0<\/span><span style=\"color: #479895;\">(nuestra definici\u00f3n desde 2018)<\/span><\/h3>\n<p><span style=\"font-family: ghotam-medium;\"><strong>Materia obtenida del proceso de reciclado de un envase y\/o de componentes del mismo, capaz de sustituir a la materia prima virgen en ciclos de reciclado del mismo material en su uso.<\/strong><\/span><\/p>\n<p>Para ello, el envase y componentes del mismo, han de cumplir con una serie de requisitos para ser susceptible de convertirse, tras su uso y su aportaci\u00f3n al sistema de reciclado dispuesto para ello, en un material secundario comparable al original en sus caracter\u00edsticas. En definitiva, la cantidad de material disponible para un reciclado de calidad de un envase es la cantidad de material de envase que es capaz de convertirse (tras los procesos de reciclado) en el mismo material de envase con el que fue fabricado, aunque luego en la pr\u00e1ctica se destine a la fabricaci\u00f3n de otro producto a partir de \u00e9l.[\/vc_column_text][\/vc_column][\/vc_row][vc_row bg_type=\u00bbimage\u00bb parallax_style=\u00bbvcpb-default\u00bb bg_image_new=\u00bbid^75|url^http:\/\/www.recyclabilitylabel.com\/wp-content\/uploads\/2023\/10\/FOTO-QUIENES-SOMOS.jpg|caption^null|alt^null|title^FOTO-QUIENES-SOMOS|description^null\u00bb bg_image_repeat=\u00bbno-repeat\u00bb bg_override=\u00bbfull\u00bb][vc_column css=\u00bb.vc_custom_1696440088005{padding-top: 25% !important;padding-bottom: 25% !important;}\u00bb][\/vc_column][\/vc_row]<\/p>\n<\/div>","protected":false},"excerpt":{"rendered":"<p>[vc_row bg_type=\u00bbimage\u00bb parallax_style=\u00bbvcpb-default\u00bb bg_image_new=\u00bbid^10|url^http:\/\/www.recyclabilitylabel.com\/wp-content\/uploads\/2023\/10\/fondo.webp|caption^null|alt^null|title^fondo|description^null\u00bb bg_image_repeat=\u00bbno-repeat\u00bb bg_override=\u00bbfull\u00bb css=\u00bb.vc_custom_1696506494957{padding-top: 7% !important;padding-bottom: 10% !important;}\u00bb][vc_column][\/vc_column][\/vc_row][vc_row gap=\u00bb20&#8243; equal_height=\u00bbyes\u00bb css=\u00bb.vc_custom_1696505522133{padding-top: 3% !important;}\u00bb][vc_column width=\u00bb1\/2&#8243;][vc_column_text]Para que un envase se considere reciclable ha de ser realmente reciclado. Cuando un envase se convierte en residuo, ha de superar distintas fases para que se convierta en material reciclado de calidad. Adem\u00e1s, debe existir un flujo de&hellip;<\/p>\n","protected":false},"author":1,"featured_media":0,"parent":0,"menu_order":5,"comment_status":"closed","ping_status":"closed","template":"","meta":{"footnotes":""},"class_list":["post-146","page","type-page","status-publish","hentry","description-off"],"yoast_head":"<!-- This site is optimized with the Yoast SEO plugin v25.2 - https:\/\/yoast.com\/wordpress\/plugins\/seo\/ -->\n<title>Reciclabilidad - Recyclabilitylabel<\/title>\n<meta name=\"robots\" content=\"index, follow, max-snippet:-1, max-image-preview:large, max-video-preview:-1\" \/>\n<link rel=\"canonical\" href=\"https:\/\/www.recyclabilitylabel.com\/es\/reciclabilidad-real\/\" \/>\n<meta property=\"og:locale\" content=\"es_ES\" \/>\n<meta property=\"og:type\" content=\"article\" \/>\n<meta property=\"og:title\" content=\"Reciclabilidad - Recyclabilitylabel\" \/>\n<meta property=\"og:description\" content=\"[vc_row bg_type=\u00bbimage\u00bb parallax_style=\u00bbvcpb-default\u00bb bg_image_new=\u00bbid^10|url^http:\/\/www.recyclabilitylabel.com\/wp-content\/uploads\/2023\/10\/fondo.webp|caption^null|alt^null|title^fondo|description^null\u00bb bg_image_repeat=\u00bbno-repeat\u00bb bg_override=\u00bbfull\u00bb css=\u00bb.vc_custom_1696506494957{padding-top: 7% !important;padding-bottom: 10% !important;}\u00bb][vc_column][\/vc_column][\/vc_row][vc_row gap=\u00bb20&#8243; equal_height=\u00bbyes\u00bb css=\u00bb.vc_custom_1696505522133{padding-top: 3% !important;}\u00bb][vc_column width=\u00bb1\/2&#8243;][vc_column_text]Para que un envase se considere reciclable ha de ser realmente reciclado. Cuando un envase se convierte en residuo, ha de superar distintas fases para que se convierta en material reciclado de calidad. Adem\u00e1s, debe existir un flujo de&hellip;\" \/>\n<meta property=\"og:url\" content=\"https:\/\/www.recyclabilitylabel.com\/es\/reciclabilidad-real\/\" \/>\n<meta property=\"og:site_name\" content=\"Recyclabilitylabel\" \/>\n<meta property=\"article:modified_time\" content=\"2023-10-11T16:58:13+00:00\" \/>\n<meta name=\"twitter:card\" content=\"summary_large_image\" \/>\n<meta name=\"twitter:label1\" content=\"Tiempo de lectura\" \/>\n\t<meta name=\"twitter:data1\" content=\"4 minutos\" \/>\n<script type=\"application\/ld+json\" class=\"yoast-schema-graph\">{\"@context\":\"https:\/\/schema.org\",\"@graph\":[{\"@type\":\"WebPage\",\"@id\":\"https:\/\/www.recyclabilitylabel.com\/es\/reciclabilidad-real\/\",\"url\":\"https:\/\/www.recyclabilitylabel.com\/es\/reciclabilidad-real\/\",\"name\":\"Reciclabilidad - Recyclabilitylabel\",\"isPartOf\":{\"@id\":\"https:\/\/www.recyclabilitylabel.com\/#website\"},\"datePublished\":\"2023-10-05T11:32:24+00:00\",\"dateModified\":\"2023-10-11T16:58:13+00:00\",\"breadcrumb\":{\"@id\":\"https:\/\/www.recyclabilitylabel.com\/es\/reciclabilidad-real\/#breadcrumb\"},\"inLanguage\":\"es\",\"potentialAction\":[{\"@type\":\"ReadAction\",\"target\":[\"https:\/\/www.recyclabilitylabel.com\/es\/reciclabilidad-real\/\"]}]},{\"@type\":\"BreadcrumbList\",\"@id\":\"https:\/\/www.recyclabilitylabel.com\/es\/reciclabilidad-real\/#breadcrumb\",\"itemListElement\":[{\"@type\":\"ListItem\",\"position\":1,\"name\":\"Home\",\"item\":\"https:\/\/www.recyclabilitylabel.com\/es\/\"},{\"@type\":\"ListItem\",\"position\":2,\"name\":\"Reciclabilidad\"}]},{\"@type\":\"WebSite\",\"@id\":\"https:\/\/www.recyclabilitylabel.com\/#website\",\"url\":\"https:\/\/www.recyclabilitylabel.com\/\",\"name\":\"Recyclabilitylabel\",\"description\":\"\",\"potentialAction\":[{\"@type\":\"SearchAction\",\"target\":{\"@type\":\"EntryPoint\",\"urlTemplate\":\"https:\/\/www.recyclabilitylabel.com\/?s={search_term_string}\"},\"query-input\":{\"@type\":\"PropertyValueSpecification\",\"valueRequired\":true,\"valueName\":\"search_term_string\"}}],\"inLanguage\":\"es\"}]}<\/script>\n<!-- \/ Yoast SEO plugin. -->","yoast_head_json":{"title":"Reciclabilidad - Recyclabilitylabel","robots":{"index":"index","follow":"follow","max-snippet":"max-snippet:-1","max-image-preview":"max-image-preview:large","max-video-preview":"max-video-preview:-1"},"canonical":"https:\/\/www.recyclabilitylabel.com\/es\/reciclabilidad-real\/","og_locale":"es_ES","og_type":"article","og_title":"Reciclabilidad - Recyclabilitylabel","og_description":"[vc_row bg_type=\u00bbimage\u00bb parallax_style=\u00bbvcpb-default\u00bb bg_image_new=\u00bbid^10|url^http:\/\/www.recyclabilitylabel.com\/wp-content\/uploads\/2023\/10\/fondo.webp|caption^null|alt^null|title^fondo|description^null\u00bb bg_image_repeat=\u00bbno-repeat\u00bb bg_override=\u00bbfull\u00bb css=\u00bb.vc_custom_1696506494957{padding-top: 7% !important;padding-bottom: 10% !important;}\u00bb][vc_column][\/vc_column][\/vc_row][vc_row gap=\u00bb20&#8243; equal_height=\u00bbyes\u00bb css=\u00bb.vc_custom_1696505522133{padding-top: 3% !important;}\u00bb][vc_column width=\u00bb1\/2&#8243;][vc_column_text]Para que un envase se considere reciclable ha de ser realmente reciclado. Cuando un envase se convierte en residuo, ha de superar distintas fases para que se convierta en material reciclado de calidad. Adem\u00e1s, debe existir un flujo de&hellip;","og_url":"https:\/\/www.recyclabilitylabel.com\/es\/reciclabilidad-real\/","og_site_name":"Recyclabilitylabel","article_modified_time":"2023-10-11T16:58:13+00:00","twitter_card":"summary_large_image","twitter_misc":{"Tiempo de lectura":"4 minutos"},"schema":{"@context":"https:\/\/schema.org","@graph":[{"@type":"WebPage","@id":"https:\/\/www.recyclabilitylabel.com\/es\/reciclabilidad-real\/","url":"https:\/\/www.recyclabilitylabel.com\/es\/reciclabilidad-real\/","name":"Reciclabilidad - Recyclabilitylabel","isPartOf":{"@id":"https:\/\/www.recyclabilitylabel.com\/#website"},"datePublished":"2023-10-05T11:32:24+00:00","dateModified":"2023-10-11T16:58:13+00:00","breadcrumb":{"@id":"https:\/\/www.recyclabilitylabel.com\/es\/reciclabilidad-real\/#breadcrumb"},"inLanguage":"es","potentialAction":[{"@type":"ReadAction","target":["https:\/\/www.recyclabilitylabel.com\/es\/reciclabilidad-real\/"]}]},{"@type":"BreadcrumbList","@id":"https:\/\/www.recyclabilitylabel.com\/es\/reciclabilidad-real\/#breadcrumb","itemListElement":[{"@type":"ListItem","position":1,"name":"Home","item":"https:\/\/www.recyclabilitylabel.com\/es\/"},{"@type":"ListItem","position":2,"name":"Reciclabilidad"}]},{"@type":"WebSite","@id":"https:\/\/www.recyclabilitylabel.com\/#website","url":"https:\/\/www.recyclabilitylabel.com\/","name":"Recyclabilitylabel","description":"","potentialAction":[{"@type":"SearchAction","target":{"@type":"EntryPoint","urlTemplate":"https:\/\/www.recyclabilitylabel.com\/?s={search_term_string}"},"query-input":{"@type":"PropertyValueSpecification","valueRequired":true,"valueName":"search_term_string"}}],"inLanguage":"es"}]}},"_links":{"self":[{"href":"https:\/\/www.recyclabilitylabel.com\/es\/wp-json\/wp\/v2\/pages\/146","targetHints":{"allow":["GET"]}}],"collection":[{"href":"https:\/\/www.recyclabilitylabel.com\/es\/wp-json\/wp\/v2\/pages"}],"about":[{"href":"https:\/\/www.recyclabilitylabel.com\/es\/wp-json\/wp\/v2\/types\/page"}],"author":[{"embeddable":true,"href":"https:\/\/www.recyclabilitylabel.com\/es\/wp-json\/wp\/v2\/users\/1"}],"replies":[{"embeddable":true,"href":"https:\/\/www.recyclabilitylabel.com\/es\/wp-json\/wp\/v2\/comments?post=146"}],"version-history":[{"count":9,"href":"https:\/\/www.recyclabilitylabel.com\/es\/wp-json\/wp\/v2\/pages\/146\/revisions"}],"predecessor-version":[{"id":360,"href":"https:\/\/www.recyclabilitylabel.com\/es\/wp-json\/wp\/v2\/pages\/146\/revisions\/360"}],"wp:attachment":[{"href":"https:\/\/www.recyclabilitylabel.com\/es\/wp-json\/wp\/v2\/media?parent=146"}],"curies":[{"name":"wp","href":"https:\/\/api.w.org\/{rel}","templated":true}]}}