{"id":128,"date":"2023-10-05T10:58:07","date_gmt":"2023-10-05T10:58:07","guid":{"rendered":"https:\/\/www.recyclabilitylabel.com\/?page_id=128"},"modified":"2023-10-10T07:39:54","modified_gmt":"2023-10-10T07:39:54","slug":"formacion-y-talleres","status":"publish","type":"page","link":"https:\/\/www.recyclabilitylabel.com\/es\/formacion-y-talleres\/","title":{"rendered":"Formaci\u00f3n y talleres"},"content":{"rendered":"<div class=\"wpb-content-wrapper\"><p>[vc_row bg_type=\u00bbimage\u00bb parallax_style=\u00bbvcpb-default\u00bb bg_image_new=\u00bbid^10|url^http:\/\/www.recyclabilitylabel.com\/wp-content\/uploads\/2023\/10\/fondo.webp|caption^null|alt^null|title^fondo|description^null\u00bb bg_image_repeat=\u00bbno-repeat\u00bb bg_override=\u00bbfull\u00bb css=\u00bb.vc_custom_1696438298148{padding-top: 7% !important;padding-right: 3% !important;padding-bottom: 10% !important;padding-left: 3% !important;}\u00bb][vc_column]<div id=\"ultimate-heading-781869e8af860c2ef\" class=\"uvc-heading ult-adjust-bottom-margin ultimate-heading-781869e8af860c2ef uvc-540 \" data-hspacer=\"no_spacer\"  data-halign=\"center\" style=\"text-align:center\"><div class=\"uvc-heading-spacer no_spacer\" style=\"top\"><\/div><div class=\"uvc-main-heading ult-responsive\"  data-ultimate-target='.uvc-heading.ultimate-heading-781869e8af860c2ef h1'  data-responsive-json-new='{\"font-size\":\"desktop:99px;tablet_portrait:80px;mobile_landscape:50px;mobile:39px;\",\"line-height\":\"desktop:104px;tablet_portrait:85px;mobile_landscape:55px;mobile:43px;\"}' ><h1 style=\"--font-weight:theme;color:#ffffff;\">FORMACI\u00d3N Y TALLERES<\/h1><\/div><\/div>[\/vc_column][\/vc_row][vc_row css=\u00bb.vc_custom_1696438287116{padding-top: 3% !important;}\u00bb][vc_column][vc_row_inner css=\u00bb.vc_custom_1696498610493{padding-right: 3% !important;background-color: rgba(62,177,174,0.38) !important;background-position: center !important;background-repeat: no-repeat !important;background-size: cover !important;*background-color: rgb(62,177,174) !important;border-radius: 25px !important;}\u00bb][vc_column_inner css=\u00bb.vc_custom_1696498538538{padding-right: 2% !important;}\u00bb]<div class=\"aio-icon-component    style_1\"><div id=\"Info-box-wrap-3894\" class=\"aio-icon-box default-icon\" style=\"\"  ><div class=\"aio-icon-default\"><div class=\"ult-just-icon-wrapper  \"><div class=\"align-icon\" style=\"text-align:center;\">\n<div class=\"aio-icon-img \" style=\"font-size:100px;display:inline-block;\" >\n\t<img decoding=\"async\" class=\"img-icon\" alt=\"null\" src=\"https:\/\/www.recyclabilitylabel.com\/wp-content\/uploads\/2023\/10\/SERVICIOS-FORMACIONES-Y-TALLERES.png\"\/>\n<\/div><\/div><\/div><\/div><div class=\"aio-icon-header\" ><h3 class=\"aio-icon-title ult-responsive\"  data-ultimate-target='#Info-box-wrap-3894 .aio-icon-title'  data-responsive-json-new='{\"font-size\":\"desktop:20px;mobile_landscape:18px;\",\"line-height\":\"desktop:25px;mobile_landscape:22px;\"}'  style=\"\">Formaci\u00f3n adaptada a cada empresa u organizaci\u00f3n sobre la gesti\u00f3n de residuos de envases y productos, procesos de reciclado, caracter\u00edsticas del dise\u00f1o de envases que pueden interferir en su reciclabilidad, as\u00ed como la de mejorar el dise\u00f1o de envases para garantizar su m\u00e1xima reciclabilidad real.<\/h3><\/div> <!-- header --><\/div> <!-- aio-icon-box --><\/div> <!-- aio-icon-component -->[\/vc_column_inner][\/vc_row_inner][vc_empty_space][vc_column_text]Visitas t\u00e9cnicas guiadas a las diferentes fases del reciclado de envases, para que los diferentes departamentos de la empresa conozcan in situ c\u00f3mo funcionan estos procesos.<\/p>\n<p>Formaci\u00f3n en ecodise\u00f1o de envases para conocer la importancia del dise\u00f1o de envases en todos y cada uno de su ciclo de vida, y poder tomar decisiones que realmente redunden en una mejora de la sostenibilidad.[\/vc_column_text][\/vc_column][\/vc_row][vc_row bg_type=\u00bbimage\u00bb parallax_style=\u00bbvcpb-default\u00bb bg_image_new=\u00bbid^280|url^http:\/\/www.recyclabilitylabel.com\/wp-content\/uploads\/2023\/10\/recyclabilitylabel-5.jpg|caption^null|alt^null|title^recyclabilitylabel 5|description^null\u00bb bg_image_repeat=\u00bbno-repeat\u00bb bg_override=\u00bbfull\u00bb][vc_column css=\u00bb.vc_custom_1696440088005{padding-top: 25% !important;padding-bottom: 25% !important;}\u00bb][\/vc_column][\/vc_row]<\/p>\n<\/div>","protected":false},"excerpt":{"rendered":"<p>[vc_row bg_type=\u00bbimage\u00bb parallax_style=\u00bbvcpb-default\u00bb bg_image_new=\u00bbid^10|url^http:\/\/www.recyclabilitylabel.com\/wp-content\/uploads\/2023\/10\/fondo.webp|caption^null|alt^null|title^fondo|description^null\u00bb bg_image_repeat=\u00bbno-repeat\u00bb bg_override=\u00bbfull\u00bb css=\u00bb.vc_custom_1696438298148{padding-top: 7% !important;padding-right: 3% !important;padding-bottom: 10% !important;padding-left: 3% !important;}\u00bb][vc_column][\/vc_column][\/vc_row][vc_row css=\u00bb.vc_custom_1696438287116{padding-top: 3% !important;}\u00bb][vc_column][vc_row_inner css=\u00bb.vc_custom_1696498610493{padding-right: 3% !important;background-color: rgba(62,177,174,0.38) !important;background-position: center !important;background-repeat: no-repeat !important;background-size: cover !important;*background-color: rgb(62,177,174) !important;border-radius: 25px !important;}\u00bb][vc_column_inner css=\u00bb.vc_custom_1696498538538{padding-right: 2% !important;}\u00bb][\/vc_column_inner][\/vc_row_inner][vc_empty_space][vc_column_text]Visitas t\u00e9cnicas guiadas a las diferentes fases del reciclado de envases, para que los diferentes departamentos de la empresa conozcan&hellip;<\/p>\n","protected":false},"author":1,"featured_media":0,"parent":0,"menu_order":5,"comment_status":"closed","ping_status":"closed","template":"","meta":{"footnotes":""},"class_list":["post-128","page","type-page","status-publish","hentry","description-off"],"yoast_head":"<!-- This site is optimized with the Yoast SEO plugin v25.2 - https:\/\/yoast.com\/wordpress\/plugins\/seo\/ -->\n<title>Formaci\u00f3n y talleres - Recyclabilitylabel<\/title>\n<meta name=\"robots\" content=\"index, follow, max-snippet:-1, max-image-preview:large, max-video-preview:-1\" \/>\n<link rel=\"canonical\" href=\"https:\/\/www.recyclabilitylabel.com\/es\/formacion-y-talleres\/\" \/>\n<meta property=\"og:locale\" content=\"es_ES\" \/>\n<meta property=\"og:type\" content=\"article\" \/>\n<meta property=\"og:title\" content=\"Formaci\u00f3n y talleres - Recyclabilitylabel\" \/>\n<meta property=\"og:description\" content=\"[vc_row bg_type=\u00bbimage\u00bb parallax_style=\u00bbvcpb-default\u00bb bg_image_new=\u00bbid^10|url^http:\/\/www.recyclabilitylabel.com\/wp-content\/uploads\/2023\/10\/fondo.webp|caption^null|alt^null|title^fondo|description^null\u00bb bg_image_repeat=\u00bbno-repeat\u00bb bg_override=\u00bbfull\u00bb css=\u00bb.vc_custom_1696438298148{padding-top: 7% !important;padding-right: 3% !important;padding-bottom: 10% !important;padding-left: 3% !important;}\u00bb][vc_column][\/vc_column][\/vc_row][vc_row css=\u00bb.vc_custom_1696438287116{padding-top: 3% !important;}\u00bb][vc_column][vc_row_inner css=\u00bb.vc_custom_1696498610493{padding-right: 3% !important;background-color: rgba(62,177,174,0.38) !important;background-position: center !important;background-repeat: no-repeat !important;background-size: cover !important;*background-color: rgb(62,177,174) !important;border-radius: 25px !important;}\u00bb][vc_column_inner css=\u00bb.vc_custom_1696498538538{padding-right: 2% !important;}\u00bb][\/vc_column_inner][\/vc_row_inner][vc_empty_space][vc_column_text]Visitas t\u00e9cnicas guiadas a las diferentes fases del reciclado de envases, para que los diferentes departamentos de la empresa conozcan&hellip;\" \/>\n<meta property=\"og:url\" content=\"https:\/\/www.recyclabilitylabel.com\/es\/formacion-y-talleres\/\" \/>\n<meta property=\"og:site_name\" content=\"Recyclabilitylabel\" \/>\n<meta property=\"article:modified_time\" content=\"2023-10-10T07:39:54+00:00\" \/>\n<meta name=\"twitter:card\" content=\"summary_large_image\" \/>\n<meta name=\"twitter:label1\" content=\"Tiempo de lectura\" \/>\n\t<meta name=\"twitter:data1\" content=\"2 minutos\" \/>\n<script type=\"application\/ld+json\" class=\"yoast-schema-graph\">{\"@context\":\"https:\/\/schema.org\",\"@graph\":[{\"@type\":\"WebPage\",\"@id\":\"https:\/\/www.recyclabilitylabel.com\/es\/formacion-y-talleres\/\",\"url\":\"https:\/\/www.recyclabilitylabel.com\/es\/formacion-y-talleres\/\",\"name\":\"Formaci\u00f3n y talleres - Recyclabilitylabel\",\"isPartOf\":{\"@id\":\"https:\/\/www.recyclabilitylabel.com\/#website\"},\"datePublished\":\"2023-10-05T10:58:07+00:00\",\"dateModified\":\"2023-10-10T07:39:54+00:00\",\"breadcrumb\":{\"@id\":\"https:\/\/www.recyclabilitylabel.com\/es\/formacion-y-talleres\/#breadcrumb\"},\"inLanguage\":\"es\",\"potentialAction\":[{\"@type\":\"ReadAction\",\"target\":[\"https:\/\/www.recyclabilitylabel.com\/es\/formacion-y-talleres\/\"]}]},{\"@type\":\"BreadcrumbList\",\"@id\":\"https:\/\/www.recyclabilitylabel.com\/es\/formacion-y-talleres\/#breadcrumb\",\"itemListElement\":[{\"@type\":\"ListItem\",\"position\":1,\"name\":\"Home\",\"item\":\"https:\/\/www.recyclabilitylabel.com\/es\/\"},{\"@type\":\"ListItem\",\"position\":2,\"name\":\"Formaci\u00f3n y talleres\"}]},{\"@type\":\"WebSite\",\"@id\":\"https:\/\/www.recyclabilitylabel.com\/#website\",\"url\":\"https:\/\/www.recyclabilitylabel.com\/\",\"name\":\"Recyclabilitylabel\",\"description\":\"\",\"potentialAction\":[{\"@type\":\"SearchAction\",\"target\":{\"@type\":\"EntryPoint\",\"urlTemplate\":\"https:\/\/www.recyclabilitylabel.com\/?s={search_term_string}\"},\"query-input\":{\"@type\":\"PropertyValueSpecification\",\"valueRequired\":true,\"valueName\":\"search_term_string\"}}],\"inLanguage\":\"es\"}]}<\/script>\n<!-- \/ Yoast SEO plugin. -->","yoast_head_json":{"title":"Formaci\u00f3n y talleres - Recyclabilitylabel","robots":{"index":"index","follow":"follow","max-snippet":"max-snippet:-1","max-image-preview":"max-image-preview:large","max-video-preview":"max-video-preview:-1"},"canonical":"https:\/\/www.recyclabilitylabel.com\/es\/formacion-y-talleres\/","og_locale":"es_ES","og_type":"article","og_title":"Formaci\u00f3n y talleres - Recyclabilitylabel","og_description":"[vc_row bg_type=\u00bbimage\u00bb parallax_style=\u00bbvcpb-default\u00bb bg_image_new=\u00bbid^10|url^http:\/\/www.recyclabilitylabel.com\/wp-content\/uploads\/2023\/10\/fondo.webp|caption^null|alt^null|title^fondo|description^null\u00bb bg_image_repeat=\u00bbno-repeat\u00bb bg_override=\u00bbfull\u00bb css=\u00bb.vc_custom_1696438298148{padding-top: 7% !important;padding-right: 3% !important;padding-bottom: 10% !important;padding-left: 3% !important;}\u00bb][vc_column][\/vc_column][\/vc_row][vc_row css=\u00bb.vc_custom_1696438287116{padding-top: 3% !important;}\u00bb][vc_column][vc_row_inner css=\u00bb.vc_custom_1696498610493{padding-right: 3% !important;background-color: rgba(62,177,174,0.38) !important;background-position: center !important;background-repeat: no-repeat !important;background-size: cover !important;*background-color: rgb(62,177,174) !important;border-radius: 25px !important;}\u00bb][vc_column_inner css=\u00bb.vc_custom_1696498538538{padding-right: 2% !important;}\u00bb][\/vc_column_inner][\/vc_row_inner][vc_empty_space][vc_column_text]Visitas t\u00e9cnicas guiadas a las diferentes fases del reciclado de envases, para que los diferentes departamentos de la empresa conozcan&hellip;","og_url":"https:\/\/www.recyclabilitylabel.com\/es\/formacion-y-talleres\/","og_site_name":"Recyclabilitylabel","article_modified_time":"2023-10-10T07:39:54+00:00","twitter_card":"summary_large_image","twitter_misc":{"Tiempo de lectura":"2 minutos"},"schema":{"@context":"https:\/\/schema.org","@graph":[{"@type":"WebPage","@id":"https:\/\/www.recyclabilitylabel.com\/es\/formacion-y-talleres\/","url":"https:\/\/www.recyclabilitylabel.com\/es\/formacion-y-talleres\/","name":"Formaci\u00f3n y talleres - Recyclabilitylabel","isPartOf":{"@id":"https:\/\/www.recyclabilitylabel.com\/#website"},"datePublished":"2023-10-05T10:58:07+00:00","dateModified":"2023-10-10T07:39:54+00:00","breadcrumb":{"@id":"https:\/\/www.recyclabilitylabel.com\/es\/formacion-y-talleres\/#breadcrumb"},"inLanguage":"es","potentialAction":[{"@type":"ReadAction","target":["https:\/\/www.recyclabilitylabel.com\/es\/formacion-y-talleres\/"]}]},{"@type":"BreadcrumbList","@id":"https:\/\/www.recyclabilitylabel.com\/es\/formacion-y-talleres\/#breadcrumb","itemListElement":[{"@type":"ListItem","position":1,"name":"Home","item":"https:\/\/www.recyclabilitylabel.com\/es\/"},{"@type":"ListItem","position":2,"name":"Formaci\u00f3n y talleres"}]},{"@type":"WebSite","@id":"https:\/\/www.recyclabilitylabel.com\/#website","url":"https:\/\/www.recyclabilitylabel.com\/","name":"Recyclabilitylabel","description":"","potentialAction":[{"@type":"SearchAction","target":{"@type":"EntryPoint","urlTemplate":"https:\/\/www.recyclabilitylabel.com\/?s={search_term_string}"},"query-input":{"@type":"PropertyValueSpecification","valueRequired":true,"valueName":"search_term_string"}}],"inLanguage":"es"}]}},"_links":{"self":[{"href":"https:\/\/www.recyclabilitylabel.com\/es\/wp-json\/wp\/v2\/pages\/128","targetHints":{"allow":["GET"]}}],"collection":[{"href":"https:\/\/www.recyclabilitylabel.com\/es\/wp-json\/wp\/v2\/pages"}],"about":[{"href":"https:\/\/www.recyclabilitylabel.com\/es\/wp-json\/wp\/v2\/types\/page"}],"author":[{"embeddable":true,"href":"https:\/\/www.recyclabilitylabel.com\/es\/wp-json\/wp\/v2\/users\/1"}],"replies":[{"embeddable":true,"href":"https:\/\/www.recyclabilitylabel.com\/es\/wp-json\/wp\/v2\/comments?post=128"}],"version-history":[{"count":5,"href":"https:\/\/www.recyclabilitylabel.com\/es\/wp-json\/wp\/v2\/pages\/128\/revisions"}],"predecessor-version":[{"id":284,"href":"https:\/\/www.recyclabilitylabel.com\/es\/wp-json\/wp\/v2\/pages\/128\/revisions\/284"}],"wp:attachment":[{"href":"https:\/\/www.recyclabilitylabel.com\/es\/wp-json\/wp\/v2\/media?parent=128"}],"curies":[{"name":"wp","href":"https:\/\/api.w.org\/{rel}","templated":true}]}}